{"id":1244,"date":"2024-03-07T08:42:42","date_gmt":"2024-03-07T07:42:42","guid":{"rendered":"https:\/\/www.best-breathe.com\/producto\/nasendilatator\/"},"modified":"2025-11-25T13:32:41","modified_gmt":"2025-11-25T12:32:41","slug":"nasendilatator","status":"publish","type":"product","link":"https:\/\/www.best-breathe.com\/de\/producto\/nasendilatator\/","title":{"rendered":"Nasendilatator"},"content":{"rendered":"<p><iframe loading=\"lazy\" class=\"youtube-video\" title=\"V\u00eddeo\" src=\"https:\/\/www.youtube-nocookie.com\/embed\/SGrwxJjJr4E?si=mz1iy7DZ7CRvuc0c\" width=\"100%\" height=\"315\" frameborder=\"0\" allowfullscreen=\"allowfullscreen\"><\/iframe><\/p>\n","protected":false},"excerpt":{"rendered":"<p>Verhindert das Zusammenfallen der Nasenl\u00f6cher oder Nasenklappen beim Einatmen. Indiziert bei Atemwegswiderstandssyndrom und Apnoe-Hypopnoe-Syndrom w\u00e4hrend Atem\u00fcbungen oder nasaler Atemtherapie. <\/p>\n<p>&nbsp;<\/p>\n<p><span style=\"color: #ff0000;\"><a style=\"color: #ff0000;\" href=\"https:\/\/www.best-breathe.com\/wp-content\/uploads\/2024\/04\/Tabla-de-tallas-2020_sizes-2020.pdf\" target=\"_blank\" rel=\"noopener\">Gr\u00f6\u00dfenratgeber<\/a><\/span><\/p>\n","protected":false},"featured_media":147,"template":"","meta":[],"product_brand":[],"product_cat":[48],"product_tag":[],"class_list":{"0":"post-1244","1":"product","2":"type-product","3":"status-publish","4":"has-post-thumbnail","6":"product_cat-tienda","8":"first","9":"instock","10":"taxable","11":"shipping-taxable","12":"purchasable","13":"product-type-variable"},"_links":{"self":[{"href":"https:\/\/www.best-breathe.com\/de\/wp-json\/wp\/v2\/product\/1244","targetHints":{"allow":["GET"]}}],"collection":[{"href":"https:\/\/www.best-breathe.com\/de\/wp-json\/wp\/v2\/product"}],"about":[{"href":"https:\/\/www.best-breathe.com\/de\/wp-json\/wp\/v2\/types\/product"}],"wp:featuredmedia":[{"embeddable":true,"href":"https:\/\/www.best-breathe.com\/de\/wp-json\/wp\/v2\/media\/147"}],"wp:attachment":[{"href":"https:\/\/www.best-breathe.com\/de\/wp-json\/wp\/v2\/media?parent=1244"}],"wp:term":[{"taxonomy":"product_brand","embeddable":true,"href":"https:\/\/www.best-breathe.com\/de\/wp-json\/wp\/v2\/product_brand?post=1244"},{"taxonomy":"product_cat","embeddable":true,"href":"https:\/\/www.best-breathe.com\/de\/wp-json\/wp\/v2\/product_cat?post=1244"},{"taxonomy":"product_tag","embeddable":true,"href":"https:\/\/www.best-breathe.com\/de\/wp-json\/wp\/v2\/product_tag?post=1244"}],"curies":[{"name":"wp","href":"https:\/\/api.w.org\/{rel}","templated":true}]}}