{"id":1234,"date":"2024-03-06T11:42:47","date_gmt":"2024-03-06T10:42:47","guid":{"rendered":"https:\/\/www.best-breathe.com\/producto\/bruxistop-dia\/"},"modified":"2024-03-06T11:42:47","modified_gmt":"2024-03-06T10:42:47","slug":"bruxistop-dia","status":"publish","type":"product","link":"https:\/\/www.best-breathe.com\/de\/producto\/bruxistop-dia\/","title":{"rendered":"Bruxistop D\u00eda"},"content":{"rendered":"<p><iframe loading=\"lazy\" title=\"V\u00eddeo\" class=\"youtube-video\" src=\"https:\/\/www.youtube-nocookie.com\/embed\/Lp-PugMwYA0?si=5YYxWNDmEzEfTyId\" width=\"100%\" height=\"315\" frameborder=\"0\" allowfullscreen=\"allowfullscreen\"><span data-mce-type=\"bookmark\" style=\"display: inline-block; width: 0px; overflow: hidden; line-height: 0;\" class=\"mce_SELRES_start\"><\/span><span data-mce-type=\"bookmark\" style=\"display: inline-block; width: 0px; overflow: hidden; line-height: 0;\" class=\"mce_SELRES_start\"><\/span><\/iframe><\/p>\n","protected":false},"excerpt":{"rendered":"<p><strong>Das neue Bruxistop D\u00cdA<\/strong> ist ein einfaches Ger\u00e4t, dessen Hauptfunktion darin besteht, eine Barriere mittlerer H\u00e4rte zwischen Ober- und Unterkieferz\u00e4hnen einzuf\u00fcgen und so die direkte Reibung zwischen den Z\u00e4hnen zu verhindern. <strong>Es ist daher eine wirksame L\u00f6sung f\u00fcr die negativen Auswirkungen des Bruxismus. <\/strong> <\/p>\n","protected":false},"featured_media":125,"template":"","meta":[],"product_brand":[],"product_cat":[39],"product_tag":[],"class_list":{"0":"post-1234","1":"product","2":"type-product","3":"status-publish","4":"has-post-thumbnail","6":"product_cat-bruxistop","8":"first","9":"instock","10":"taxable","11":"shipping-taxable","12":"purchasable","13":"product-type-simple"},"_links":{"self":[{"href":"https:\/\/www.best-breathe.com\/de\/wp-json\/wp\/v2\/product\/1234","targetHints":{"allow":["GET"]}}],"collection":[{"href":"https:\/\/www.best-breathe.com\/de\/wp-json\/wp\/v2\/product"}],"about":[{"href":"https:\/\/www.best-breathe.com\/de\/wp-json\/wp\/v2\/types\/product"}],"wp:featuredmedia":[{"embeddable":true,"href":"https:\/\/www.best-breathe.com\/de\/wp-json\/wp\/v2\/media\/125"}],"wp:attachment":[{"href":"https:\/\/www.best-breathe.com\/de\/wp-json\/wp\/v2\/media?parent=1234"}],"wp:term":[{"taxonomy":"product_brand","embeddable":true,"href":"https:\/\/www.best-breathe.com\/de\/wp-json\/wp\/v2\/product_brand?post=1234"},{"taxonomy":"product_cat","embeddable":true,"href":"https:\/\/www.best-breathe.com\/de\/wp-json\/wp\/v2\/product_cat?post=1234"},{"taxonomy":"product_tag","embeddable":true,"href":"https:\/\/www.best-breathe.com\/de\/wp-json\/wp\/v2\/product_tag?post=1234"}],"curies":[{"name":"wp","href":"https:\/\/api.w.org\/{rel}","templated":true}]}}