{"id":1328,"date":"2024-03-14T10:49:04","date_gmt":"2024-03-14T09:49:04","guid":{"rendered":"https:\/\/www.best-breathe.com\/erklaerung-zur-barrierefreiheit\/"},"modified":"2025-11-06T12:28:02","modified_gmt":"2025-11-06T11:28:02","slug":"erklaerung-zur-barrierefreiheit","status":"publish","type":"page","link":"https:\/\/www.best-breathe.com\/de\/erklaerung-zur-barrierefreiheit\/","title":{"rendered":"Erkl\u00e4rung zur Barrierefreiheit"},"content":{"rendered":"<div class=\"wpb-content-wrapper\"><p>[vc_row][vc_column][vc_column_text]<\/p>\n<h1>Erkl\u00e4rung zur Barrierefreiheit<\/h1>\n<p>Best Breathe Company S.L. hat sich verpflichtet, ihre Websites gem\u00e4\u00df dem <a href=\"https:\/\/www.boe.es\/eli\/es\/rd\/2018\/09\/07\/1112\/con\" target=\"_blank\" rel=\"noreferrer noopener nofollow\">K\u00f6niglichen Dekret 1112\/2018 vom 7. September<\/a> \u00fcber die Zug\u00e4nglichkeit von Websites und mobilen Anwendungen des \u00f6ffentlichen Sektors (im Folgenden: K\u00f6nigliches Dekret 1112\/2018 vom 7. September) zug\u00e4nglich zu machen.<\/p>\n<p>Diese Erkl\u00e4rung zur Barrierefreiheit gilt f\u00fcr die Website https:\/\/www.best-breathe.com<\/p>\n<p>Compliance-Status<\/p>\n<p>Diese Website entspricht teilweise dem K\u00f6niglichen Dekret 1112\/2018 vom 7. September.<\/p>\n<p>Nicht zug\u00e4ngliche Inhalte oder erkannte Fehler<\/p>\n<p>Nichteinhaltung des Konformit\u00e4tskriteriums 2.4.1 (Stufe A). Dieses Kriterium soll Nutzern, die sequenziell durch die Inhalte navigieren, einen direkteren Zugriff auf die Hauptinhalte der Website erm\u00f6glichen, indem der erste Link direkt dorthin f\u00fchrt. Aufgrund der Notwendigkeit, die DSGVO (Verordnung (EU) 2016\/679 des Europ\u00e4ischen Parlaments und des Rates) hinsichtlich der Einwilligung der Nutzer zur Verwendung von Cookies einzuhalten, kann der erste Link vor der Cookie-Einwilligung nicht zu den Inhalten f\u00fchren, da er bis zur Annahme oder Ablehnung zum Cookie-Banner geh\u00f6rt.  <\/p>\n<p>Erstellung dieser Zug\u00e4nglichkeitserkl\u00e4rung<\/p>\n<p>Diese Erkl\u00e4rung wurde am 14. M\u00e4rz 2024 erstellt.<\/p>\n<p>Die zur Erstellung der Erkl\u00e4rung verwendete Methode war eine Selbsteinsch\u00e4tzung, die vom Digitalisierungsbeauftragten Difusi\u00f3n Comunicaci\u00f3n Integral, SL, durchgef\u00fchrt wurde.<\/p>\n<p>Letzte \u00dcberpr\u00fcfung der Erkl\u00e4rung: 14. M\u00e4rz 2024.<\/p>\n<p>Hinweise und Kontaktinformationen<\/p>\n<p>Sie k\u00f6nnen Mitteilungen zu Zug\u00e4nglichkeitsanforderungen (Artikel 10.2.a) des K\u00f6niglichen Dekrets 1112\/2018 vom 7. September einreichen, wie zum Beispiel:<\/p>\n<p>Melden Sie bitte alle potenziellen Verst\u00f6\u00dfe dieser Website.<br \/>\nMelden Sie bitte alle Schwierigkeiten beim Zugriff auf die Inhalte.<br \/>\nSenden Sie uns bitte weitere Fragen oder Verbesserungsvorschl\u00e4ge zur Barrierefreiheit der Website.<br \/>\n\u00dcber die folgenden Kan\u00e4le:<\/p>\n<p>E-Mail: <a href=\"mailto:comercial@best-breathe.com\" target=\"_blank\" rel=\"noopener\">comercial@best-breathe.com<\/a><br \/>\nTelefon: 645 048 552<br \/>\nSie k\u00f6nnen auch barrierefreie Informationen anfordern, die die Anforderungen an die Barrierefreiheit nicht erf\u00fcllen, entweder weil sie ausgeschlossen sind oder weil ihre Bereitstellung eine unverh\u00e4ltnism\u00e4\u00dfige Belastung darstellen w\u00fcrde; oder Sie k\u00f6nnen eine Beschwerde wegen Nichteinhaltung der Barrierefreiheitsanforderungen einreichen.<\/p>\n<p>Mitteilungen, Anfragen nach barrierefreien Informationen und Beschwerden sollten \u00fcber die oben genannten Verfahren an die Unternehmensleitung gerichtet werden.<\/p>\n<p>Bewerbungsverfahren<\/p>\n<p>Mit diesem Verfahren k\u00f6nnen Sie eine Beschwerde einreichen, um die Gr\u00fcnde f\u00fcr die Ablehnung eines Antrags auf Auskunft oder einer Beschwerde zu erfahren und anzufechten, die Ergreifung geeigneter Ma\u00dfnahmen zu fordern, wenn Sie mit der getroffenen Entscheidung nicht einverstanden sind, oder darzulegen, warum Sie der Ansicht sind, dass die Antwort den erforderlichen Anforderungen nicht gen\u00fcgt.<\/p>\n<p>Link zum Beschwerdeverfahren (\u00d6ffnet in einem neuen Fenster), das an die Generalunterdirektion f\u00fcr Webdienste, Transparenz und Datenschutz als die f\u00fcr die Zug\u00e4nglichkeit dieses Ministeriums zust\u00e4ndige Einheit zu richten ist, oder, falls die Beschwerde auf eine Handlung der genannten Einheit zur\u00fcckzuf\u00fchren ist, an deren hierarchischen Vorgesetzten.<\/p>\n<p>Optionaler Inhalt<\/p>\n<p>Die aktuell sichtbare Version dieser Website stammt vom M\u00e4rz 2024, und der zu diesem Zeitpunkt geltende Grad an Barrierefreiheit wurde \u00fcberpr\u00fcft.<\/p>\n<p>Ab diesem Datum werden t\u00e4glich Teilpr\u00fcfungen neuer oder ge\u00e4nderter Webinhalte durchgef\u00fchrt, sowohl von Vorlagen als auch von den endg\u00fcltig ver\u00f6ffentlichten Seiten und Dokumenten, um die Einhaltung der Zug\u00e4nglichkeitsanforderungen der Norm UNE-EN 301549:2022 unter Ber\u00fccksichtigung der Ausnahmen des K\u00f6niglichen Dekrets 1112\/2018 vom 7. September sicherzustellen.<\/p>\n<p>Zur Erleichterung der Barrierefreiheit werden unter anderem folgende Ma\u00dfnahmen ergriffen:<\/p>\n<p>Verwendung von Alternativtexten in Bildern<br \/>\nLinks liefern Details zur Funktion oder zum Ziel des Hyperlinks<br \/>\nNutzung der W3C-Standards: XHTML 1.0, CSS 3.0, WAI AA.[\/vc_column_text][\/vc_column][\/vc_row]<\/p>\n<\/div>","protected":false},"excerpt":{"rendered":"<p>[vc_row][vc_column][vc_column_text] Erkl\u00e4rung zur Barrierefreiheit Best Breathe Company S.L. hat sich verpflichtet, ihre Websites gem\u00e4\u00df dem K\u00f6niglichen Dekret 1112\/2018 vom 7. September \u00fcber die Zug\u00e4nglichkeit von Websites und mobilen Anwendungen des \u00f6ffentlichen Sektors (im Folgenden: K\u00f6nigliches Dekret 1112\/2018 vom 7. September) [&hellip;]<\/p>\n","protected":false},"author":1,"featured_media":0,"parent":0,"menu_order":0,"comment_status":"closed","ping_status":"closed","template":"","meta":{"footnotes":""},"class_list":["post-1328","page","type-page","status-publish","hentry"],"_links":{"self":[{"href":"https:\/\/www.best-breathe.com\/de\/wp-json\/wp\/v2\/pages\/1328","targetHints":{"allow":["GET"]}}],"collection":[{"href":"https:\/\/www.best-breathe.com\/de\/wp-json\/wp\/v2\/pages"}],"about":[{"href":"https:\/\/www.best-breathe.com\/de\/wp-json\/wp\/v2\/types\/page"}],"author":[{"embeddable":true,"href":"https:\/\/www.best-breathe.com\/de\/wp-json\/wp\/v2\/users\/1"}],"replies":[{"embeddable":true,"href":"https:\/\/www.best-breathe.com\/de\/wp-json\/wp\/v2\/comments?post=1328"}],"version-history":[{"count":2,"href":"https:\/\/www.best-breathe.com\/de\/wp-json\/wp\/v2\/pages\/1328\/revisions"}],"predecessor-version":[{"id":1330,"href":"https:\/\/www.best-breathe.com\/de\/wp-json\/wp\/v2\/pages\/1328\/revisions\/1330"}],"wp:attachment":[{"href":"https:\/\/www.best-breathe.com\/de\/wp-json\/wp\/v2\/media?parent=1328"}],"curies":[{"name":"wp","href":"https:\/\/api.w.org\/{rel}","templated":true}]}}