{"id":1310,"date":"2024-03-06T09:47:52","date_gmt":"2024-03-06T08:47:52","guid":{"rendered":"https:\/\/www.best-breathe.com\/rechtlicher-hinweis\/"},"modified":"2025-11-06T12:15:19","modified_gmt":"2025-11-06T11:15:19","slug":"rechtlicher-hinweis","status":"publish","type":"page","link":"https:\/\/www.best-breathe.com\/de\/rechtlicher-hinweis\/","title":{"rendered":"Rechtlicher Hinweis"},"content":{"rendered":"<div class=\"wpb-content-wrapper\"><p>[vc_row][vc_column][vc_column_text]<\/p>\n<div>\n<h1>RECHTLICHER HINWEIS<\/h1>\n<p>Der folgende Text regelt die Nutzung dieser Website durch Internetnutzer. Bitte lesen Sie diese rechtlichen Hinweise bei jedem Besuch dieser Website sorgf\u00e4ltig durch, da sie jederzeit ge\u00e4ndert werden k\u00f6nnen. Wenn Sie mit den Bedingungen nicht einverstanden sind, nutzen Sie die Website bitte nicht.  <\/p>\n<h2>EIGENTUM<\/h2>\n<p>In \u00dcbereinstimmung mit den Bestimmungen des Gesetzes 34\/2002 vom 11. Juli \u00fcber Dienste der Informationsgesellschaft und des elektronischen Gesch\u00e4ftsverkehrs wird hiermit mitgeteilt, dass Inhaber der Website die BEST BREATHE COMPANY, S. L. (INNOVAONIL) mit Sitz in POLIGONO INDUSTRIAL LOS VASALOS, AVENIDA DE LOS TRABAJADORES, 13, PARC, CIF B54637715 und eingetragen im Handelsregister ist.<\/p>\n<h2>OBJEKT<\/h2>\n<p>Diese Website bietet Nutzern Zugriff auf verschiedene Inhalte und Informationen, die von BEST BREATHE COMPANY, S.L. (INNOVAONIL) oder von Drittanbietern bereitgestellt werden. BEST BREATHE COMPANY, S.L. (INNOVAONIL) beh\u00e4lt sich das Recht vor, Darstellung, Konfiguration und Standort der Website sowie deren Inhalte, Produkte und Dienstleistungen jederzeit zu \u00e4ndern. Durch den Zugriff auf die Website, deren Nutzung und das Browsen auf ihr erkl\u00e4ren Sie sich mit diesen Allgemeinen Gesch\u00e4ftsbedingungen einverstanden. Im Sinne dieses Dokuments bezeichnet \u201eNutzer\u201c jede Person, die auf die auf der Website angebotenen Dienste und Aktivit\u00e4ten zugreift, sie durchsucht, nutzt oder daran teilnimmt, unabh\u00e4ngig davon, ob diese kostenlos oder kostenpflichtig sind. Dieser Rechtshinweis regelt den Zugriff auf die Website, deren Browsen und Nutzung, unbeschadet des Rechts von BEST BREATHE COMPANY, S.L. (INNOVAONIL), spezifische Gesch\u00e4ftsbedingungen f\u00fcr die Nutzung von Diensten und\/oder den Kauf bestimmter Produkte festzulegen, die Nutzern \u00fcber die Website angeboten werden.    <\/p>\n<h2>ZUGANGSBEDINGUNGEN<\/h2>\n<p>Der Zugriff auf die Website ist kostenlos. F\u00fcr die Nutzung bestimmter Dienste ist jedoch eine vorherige Authentifizierung mittels Benutzername und Passwort erforderlich. Wenn der Zugriff auf bestimmte Inhalte oder die Nutzung eines Dienstes die Angabe personenbezogener Daten erfordert, garantieren die Nutzer deren Richtigkeit, Genauigkeit, Authentizit\u00e4t und G\u00fcltigkeit. BEST BREATHE COMPANY, S.L. (INNOVAONIL) verarbeitet diese Daten gegebenenfalls automatisiert, je nach Art und Zweck der Verarbeitung, gem\u00e4\u00df den Bestimmungen der <b>Datenschutzerkl\u00e4rung<\/b>  <\/p>\n<h2>GEISTIGES EIGENTUM \/ URHEBERRECHT<\/h2>\n<p>Die BEST BREATHE COMPANY, S.L. (INNOVAONIL) ist Inhaberin dieser Website. S\u00e4mtliche gewerblichen und geistigen Eigentumsrechte an diesem Internetportal liegen ausschlie\u00dflich bei der Eigent\u00fcmergesellschaft oder Dritten (sofern nicht anders angegeben). Der Zugriff auf oder die Nutzung der Website durch den Nutzer stellt daher in keiner Weise die Gew\u00e4hrung einer Lizenz oder eines Nutzungsrechts dar. Die Nutzung der Website-Inhalte ist ausschlie\u00dflich f\u00fcr private, pers\u00f6nliche oder berufliche Zwecke gestattet. Die Nutzung der Website oder einzelner Elemente zu kommerziellen oder illegalen Zwecken ist strengstens untersagt. Die Vervielf\u00e4ltigung, \u00c4nderung, Verbreitung oder \u00f6ffentliche Wiedergabe der Website oder ihrer Inhalte ist ohne vorherige schriftliche Zustimmung der BEST BREATHE COMPANY, S.L. (INNOVAONIL) nicht gestattet, sofern dies nicht gesetzlich zul\u00e4ssig ist. Die BEST BREATHE COMPANY, S.L. (INNOVAONIL) \u00fcbernimmt keine Haftung f\u00fcr die Nutzung der Website-Inhalte durch Dritte und beh\u00e4lt sich das Recht vor, bei Verletzung dieser Rechte durch den Nutzer zivil- oder strafrechtliche Schritte einzuleiten. Die Installation von Cookies durch den Website-Server muss genehmigt werden.      <\/p>\n<h2>HAFTUNGSAUSSCHLUSSKLAUSEL<\/h2>\n<p>Die Inhalte dieser Website wurden stets nach bestem Wissen und Gewissen und ausschlie\u00dflich zu Informationszwecken erstellt. Das Unternehmen \u00fcbernimmt daher weder Gew\u00e4hr f\u00fcr die Vollst\u00e4ndigkeit noch f\u00fcr die Richtigkeit der bereitgestellten Informationen und garantiert auch nicht deren Aktualit\u00e4t. \u00c4nderungen sind jederzeit und ohne Vorank\u00fcndigung m\u00f6glich. Das Unternehmen haftet au\u00dferdem nicht f\u00fcr etwaige Tipp-, Formatierungs- oder Rechenfehler auf der Website. <\/p>\n<p>BEST BREATHE COMPANY, S. L. (INNOVAONIL) \u00fcbernimmt keine Verantwortung f\u00fcr einen Missbrauch der Website durch die Nutzer.<\/p>\n<h3>Verantwortung f\u00fcr den Betrieb der Website.<\/h3>\n<p>BEST BREATHE COMPANY, S.L. (INNOVAONIL) wird versuchen, Probleme, die durch technische Fehler verursacht werden, zu minimieren und kann die Dienste und Inhalte der Website vor\u00fcbergehend aussetzen, um Wartungs-, Verbesserungs- oder Reparaturarbeiten durchzuf\u00fchren, ohne dass dem Benutzer aus diesen Gr\u00fcnden eine Entsch\u00e4digung zusteht.<\/p>\n<p>Bitte beachten Sie, dass einige auf dieser Website enthaltene Informationen m\u00f6glicherweise in Dateien oder Formaten erstellt oder gesammelt wurden, die nicht fehlerfrei sind. Daher k\u00f6nnen wir nicht garantieren, dass der Dienst nicht durch solche Probleme unterbrochen oder beeintr\u00e4chtigt wird.<\/p>\n<p>Das Unternehmen \u00fcbernimmt keine Haftung f\u00fcr Sch\u00e4den, die dem Nutzer durch die Nutzung dieser Website oder der verlinkten externen Websites entstehen.<\/p>\n<p>Das Unternehmen \u00fcbernimmt keine Haftung f\u00fcr Serviceunterbrechungen oder Funktionsst\u00f6rungen, die durch unvorhergesehene Umst\u00e4nde, h\u00f6here Gewalt oder andere Ursachen au\u00dferhalb seiner Kontrolle hervorgerufen werden.<\/p>\n<h3>Verantwortung f\u00fcr die Nutzung von Links<\/h3>\n<p>Das Unternehmen \u00fcbernimmt keine Haftung f\u00fcr die Existenz von Links zwischen den Inhalten dieser Website und Inhalten au\u00dferhalb dieser Website oder f\u00fcr sonstige Verweise auf Inhalte, die nicht auf dieser Website zu finden sind.<\/p>\n<p>Auf dieser Seite finden Sie Links zu unseren Social-Media-Profilen.<\/p>\n<p>Sollte das Unternehmen auf irgendeine Weise feststellen, dass die Website illegal ist oder die Rechte Dritter verletzt, die m\u00f6glicherweise zu einer Entsch\u00e4digung f\u00fchren, wird das Unternehmen den betreffenden Link entfernen oder deaktivieren.<\/p>\n<p>Das Vorhandensein anderer Links auf der Website dient ausschlie\u00dflich Informationszwecken und stellt weder eine Aufforderung noch eine Empfehlung zum Kauf von Produkten oder Dienstleistungen dar, die auf der Zielwebsite angeboten werden. In keinem Fall impliziert es eine Unterst\u00fctzung f\u00fcr die Personen oder Organisationen, die diese Inhalte verfasst haben oder die Eigent\u00fcmer der Websites sind, auf denen sie sich befinden.<\/p>\n<\/div>\n<p>[\/vc_column_text][\/vc_column][\/vc_row]<\/p>\n<\/div>","protected":false},"excerpt":{"rendered":"<p>[vc_row][vc_column][vc_column_text] RECHTLICHER HINWEIS Der folgende Text regelt die Nutzung dieser Website durch Internetnutzer. Bitte lesen Sie diese rechtlichen Hinweise bei jedem Besuch dieser Website sorgf\u00e4ltig durch, da sie jederzeit ge\u00e4ndert werden k\u00f6nnen. Wenn Sie mit den Bedingungen nicht einverstanden sind, [&hellip;]<\/p>\n","protected":false},"author":1,"featured_media":0,"parent":0,"menu_order":0,"comment_status":"closed","ping_status":"closed","template":"","meta":{"footnotes":""},"class_list":["post-1310","page","type-page","status-publish","hentry"],"_links":{"self":[{"href":"https:\/\/www.best-breathe.com\/de\/wp-json\/wp\/v2\/pages\/1310","targetHints":{"allow":["GET"]}}],"collection":[{"href":"https:\/\/www.best-breathe.com\/de\/wp-json\/wp\/v2\/pages"}],"about":[{"href":"https:\/\/www.best-breathe.com\/de\/wp-json\/wp\/v2\/types\/page"}],"author":[{"embeddable":true,"href":"https:\/\/www.best-breathe.com\/de\/wp-json\/wp\/v2\/users\/1"}],"replies":[{"embeddable":true,"href":"https:\/\/www.best-breathe.com\/de\/wp-json\/wp\/v2\/comments?post=1310"}],"version-history":[{"count":2,"href":"https:\/\/www.best-breathe.com\/de\/wp-json\/wp\/v2\/pages\/1310\/revisions"}],"predecessor-version":[{"id":1312,"href":"https:\/\/www.best-breathe.com\/de\/wp-json\/wp\/v2\/pages\/1310\/revisions\/1312"}],"wp:attachment":[{"href":"https:\/\/www.best-breathe.com\/de\/wp-json\/wp\/v2\/media?parent=1310"}],"curies":[{"name":"wp","href":"https:\/\/api.w.org\/{rel}","templated":true}]}}